{"id":5245,"date":"2024-06-25T20:04:11","date_gmt":"2024-06-25T20:04:11","guid":{"rendered":"http:\/\/i-vision.ca\/?post_type=product&#038;p=5245"},"modified":"2024-07-16T11:43:17","modified_gmt":"2024-07-16T11:43:17","slug":"22mp-lighthunter-dual-lens-network-ptz-camera-copy","status":"publish","type":"product","link":"https:\/\/i-vision.ca\/fr\/shop\/thermal-cameras\/22mp-lighthunter-dual-lens-network-ptz-camera-copy\/","title":{"rendered":"Cam\u00e9ra r\u00e9seau thermique 4MP \u00e0 double spectre"},"content":{"rendered":"<ul>\n<li>Image thermique et optique \u00e0 double spectre, double vid\u00e9o avec une seule adresse IP, adaptable \u00e0 des sc\u00e8nes plus vari\u00e9es<\/li>\n<li>Surface de la cible de 1\/1,8 \u00bb, capteur \u00e0 haute sensibilit\u00e9, r\u00e9pond aux besoins de surveillance de la lumi\u00e8re des \u00e9toiles.<\/li>\n<li>D\u00e9tection fiable des incendies, d\u00e9tection des fum\u00e9es et zone de protection contre les incendies<\/li>\n<li>Le module thermique prend en charge la d\u00e9tection de la temp\u00e9rature et le suivi des points froids et chauds, ce qui permet de mettre en \u00e9vidence les temp\u00e9ratures anormales et d'\u00e9tablir un lien avec l'alarme.<\/li>\n<li>Pr\u00e9vention intelligente des intrusions \u00e0 double spectre thermique et optique : ligne de d\u00e9marcation, entr\u00e9e dans la zone, sortie de la zone, intrusion.<\/li>\n<li>Prise en charge du mode image dans l'image, contraste en temps r\u00e9el, plus pratique et plus clair.<\/li>\n<li>Alarme sonore et lumineuse, avec lampes d'avertissement rouges et bleues int\u00e9gr\u00e9es.<\/li>\n<li>Ultra 265, H.265, H.264, MJPEG<\/li>\n<li>Triple flux<\/li>\n<li>Max 2688*1520@30fps dans le module optique et Max 720P@30fps dans le module thermique<\/li>\n<li>DC12V\u00b125% ou alimentation PoE<\/li>\n<li>Alarme 2 entr\u00e9es et 2 sorties, Audio 1 entr\u00e9e et 1 sortie, Micro SD, jusqu'\u00e0 256 Go<\/li>\n<\/ul>","protected":false},"excerpt":{"rendered":"<p>Thermal &amp; Optical dual-spectrum image, dual video with single IP address, adaptable to more various scenes 1\/1.8\u201c target surface, high sensitivity sensor, satisfy the need of starlight monitoring Support reliable fire detection, smoking detection and fire shield area Thermal module supports temperature detection and cold&amp;hot spot tracking which highlights the abnormal temperature, and link to [&hellip;]<\/p>\n","protected":false},"featured_media":5257,"template":"","meta":{"_acf_changed":false,"site-sidebar-layout":"default","site-content-layout":"","ast-site-content-layout":"default","site-content-style":"default","site-sidebar-style":"default","ast-global-header-display":"","ast-banner-title-visibility":"","ast-main-header-display":"","ast-hfb-above-header-display":"","ast-hfb-below-header-display":"","ast-hfb-mobile-header-display":"","site-post-title":"","ast-breadcrumbs-content":"","ast-featured-img":"","footer-sml-layout":"","ast-disable-related-posts":"","theme-transparent-header-meta":"default","adv-header-id-meta":"","stick-header-meta":"","header-above-stick-meta":"","header-main-stick-meta":"","header-below-stick-meta":"","astra-migrate-meta-layouts":"set","ast-page-background-enabled":"default","ast-page-background-meta":{"desktop":{"background-color":"","background-image":"","background-repeat":"repeat","background-position":"center center","background-size":"auto","background-attachment":"scroll","background-type":"","background-media":"","overlay-type":"","overlay-color":"","overlay-opacity":"","overlay-gradient":""},"tablet":{"background-color":"","background-image":"","background-repeat":"repeat","background-position":"center center","background-size":"auto","background-attachment":"scroll","background-type":"","background-media":"","overlay-type":"","overlay-color":"","overlay-opacity":"","overlay-gradient":""},"mobile":{"background-color":"","background-image":"","background-repeat":"repeat","background-position":"center center","background-size":"auto","background-attachment":"scroll","background-type":"","background-media":"","overlay-type":"","overlay-color":"","overlay-opacity":"","overlay-gradient":""}},"ast-content-background-meta":{"desktop":{"background-color":"var(--ast-global-color-5)","background-image":"","background-repeat":"repeat","background-position":"center center","background-size":"auto","background-attachment":"scroll","background-type":"","background-media":"","overlay-type":"","overlay-color":"","overlay-opacity":"","overlay-gradient":""},"tablet":{"background-color":"var(--ast-global-color-5)","background-image":"","background-repeat":"repeat","background-position":"center center","background-size":"auto","background-attachment":"scroll","background-type":"","background-media":"","overlay-type":"","overlay-color":"","overlay-opacity":"","overlay-gradient":""},"mobile":{"background-color":"var(--ast-global-color-5)","background-image":"","background-repeat":"repeat","background-position":"center center","background-size":"auto","background-attachment":"scroll","background-type":"","background-media":"","overlay-type":"","overlay-color":"","overlay-opacity":"","overlay-gradient":""}}},"product_brand":[],"product_cat":[87],"product_tag":[],"class_list":{"0":"post-5245","1":"product","2":"type-product","3":"status-publish","4":"has-post-thumbnail","6":"product_cat-thermal-cameras","7":"desktop-align-left","8":"tablet-align-left","9":"mobile-align-left","11":"first","12":"instock","13":"shipping-taxable","14":"product-type-simple"},"acf":[],"yoast_head":"<!-- This site is optimized with the Yoast SEO plugin v27.4 - https:\/\/yoast.com\/product\/yoast-seo-wordpress\/ -->\n<title>4MP Dual-spectrum Thermal Network Bullet Camera<\/title>\n<meta name=\"description\" content=\"I-VISION is a leading global manufacturer of professional video surveillance devices and solutions. Smart security starts here.\" \/>\n<meta name=\"robots\" content=\"index, follow, max-snippet:-1, max-image-preview:large, max-video-preview:-1\" \/>\n<link rel=\"canonical\" href=\"https:\/\/i-vision.ca\/fr\/shop\/thermal-cameras\/22mp-lighthunter-dual-lens-network-ptz-camera-copy\/\" \/>\n<meta property=\"og:locale\" content=\"fr_CA\" \/>\n<meta property=\"og:type\" content=\"article\" \/>\n<meta property=\"og:title\" content=\"4MP Dual-spectrum Thermal Network Bullet Camera\" \/>\n<meta property=\"og:description\" content=\"I-VISION is a leading global manufacturer of professional video surveillance devices and solutions. Smart security starts here.\" \/>\n<meta property=\"og:url\" content=\"https:\/\/i-vision.ca\/fr\/shop\/thermal-cameras\/22mp-lighthunter-dual-lens-network-ptz-camera-copy\/\" \/>\n<meta property=\"og:site_name\" content=\"I-VISION\" \/>\n<meta property=\"article:modified_time\" content=\"2024-07-16T11:43:17+00:00\" \/>\n<meta property=\"og:image\" content=\"https:\/\/i-vision.ca\/wp-content\/uploads\/2024\/06\/TIC2621SR-F3-4F4AC-VD-1.webp\" \/>\n\t<meta property=\"og:image:width\" content=\"510\" \/>\n\t<meta property=\"og:image:height\" content=\"348\" \/>\n\t<meta property=\"og:image:type\" content=\"image\/webp\" \/>\n<meta name=\"twitter:card\" content=\"summary_large_image\" \/>\n<meta name=\"twitter:label1\" content=\"Estimation du temps de lecture\" \/>\n\t<meta name=\"twitter:data1\" content=\"1 minute\" \/>\n<script type=\"application\/ld+json\" class=\"yoast-schema-graph\">{\"@context\":\"https:\\\/\\\/schema.org\",\"@graph\":[{\"@type\":\"WebPage\",\"@id\":\"https:\\\/\\\/i-vision.ca\\\/shop\\\/thermal-cameras\\\/22mp-lighthunter-dual-lens-network-ptz-camera-copy\\\/\",\"url\":\"https:\\\/\\\/i-vision.ca\\\/shop\\\/thermal-cameras\\\/22mp-lighthunter-dual-lens-network-ptz-camera-copy\\\/\",\"name\":\"4MP Dual-spectrum Thermal Network Bullet Camera\",\"isPartOf\":{\"@id\":\"https:\\\/\\\/i-vision.ca\\\/#website\"},\"primaryImageOfPage\":{\"@id\":\"https:\\\/\\\/i-vision.ca\\\/shop\\\/thermal-cameras\\\/22mp-lighthunter-dual-lens-network-ptz-camera-copy\\\/#primaryimage\"},\"image\":{\"@id\":\"https:\\\/\\\/i-vision.ca\\\/shop\\\/thermal-cameras\\\/22mp-lighthunter-dual-lens-network-ptz-camera-copy\\\/#primaryimage\"},\"thumbnailUrl\":\"https:\\\/\\\/i-vision.ca\\\/wp-content\\\/uploads\\\/2024\\\/06\\\/TIC2621SR-F3-4F4AC-VD-1.webp\",\"datePublished\":\"2024-06-25T20:04:11+00:00\",\"dateModified\":\"2024-07-16T11:43:17+00:00\",\"description\":\"I-VISION is a leading global manufacturer of professional video surveillance devices and solutions. Smart security starts here.\",\"breadcrumb\":{\"@id\":\"https:\\\/\\\/i-vision.ca\\\/shop\\\/thermal-cameras\\\/22mp-lighthunter-dual-lens-network-ptz-camera-copy\\\/#breadcrumb\"},\"inLanguage\":\"fr-CA\",\"potentialAction\":[{\"@type\":\"ReadAction\",\"target\":[\"https:\\\/\\\/i-vision.ca\\\/shop\\\/thermal-cameras\\\/22mp-lighthunter-dual-lens-network-ptz-camera-copy\\\/\"]}]},{\"@type\":\"ImageObject\",\"inLanguage\":\"fr-CA\",\"@id\":\"https:\\\/\\\/i-vision.ca\\\/shop\\\/thermal-cameras\\\/22mp-lighthunter-dual-lens-network-ptz-camera-copy\\\/#primaryimage\",\"url\":\"https:\\\/\\\/i-vision.ca\\\/wp-content\\\/uploads\\\/2024\\\/06\\\/TIC2621SR-F3-4F4AC-VD-1.webp\",\"contentUrl\":\"https:\\\/\\\/i-vision.ca\\\/wp-content\\\/uploads\\\/2024\\\/06\\\/TIC2621SR-F3-4F4AC-VD-1.webp\",\"width\":510,\"height\":348},{\"@type\":\"BreadcrumbList\",\"@id\":\"https:\\\/\\\/i-vision.ca\\\/shop\\\/thermal-cameras\\\/22mp-lighthunter-dual-lens-network-ptz-camera-copy\\\/#breadcrumb\",\"itemListElement\":[{\"@type\":\"ListItem\",\"position\":1,\"name\":\"Home\",\"item\":\"https:\\\/\\\/i-vision.ca\\\/\"},{\"@type\":\"ListItem\",\"position\":2,\"name\":\"Products\",\"item\":\"https:\\\/\\\/i-vision.ca\\\/shop\\\/\"},{\"@type\":\"ListItem\",\"position\":3,\"name\":\"4MP Dual-spectrum Thermal Network Bullet Camera\"}]},{\"@type\":\"WebSite\",\"@id\":\"https:\\\/\\\/i-vision.ca\\\/#website\",\"url\":\"https:\\\/\\\/i-vision.ca\\\/\",\"name\":\"I-VISION\",\"description\":\"Security Cameras\",\"publisher\":{\"@id\":\"https:\\\/\\\/i-vision.ca\\\/#organization\"},\"potentialAction\":[{\"@type\":\"SearchAction\",\"target\":{\"@type\":\"EntryPoint\",\"urlTemplate\":\"https:\\\/\\\/i-vision.ca\\\/?s={search_term_string}\"},\"query-input\":{\"@type\":\"PropertyValueSpecification\",\"valueRequired\":true,\"valueName\":\"search_term_string\"}}],\"inLanguage\":\"fr-CA\"},{\"@type\":\"Organization\",\"@id\":\"https:\\\/\\\/i-vision.ca\\\/#organization\",\"name\":\"I-VISION\",\"url\":\"https:\\\/\\\/i-vision.ca\\\/\",\"logo\":{\"@type\":\"ImageObject\",\"inLanguage\":\"fr-CA\",\"@id\":\"https:\\\/\\\/i-vision.ca\\\/#\\\/schema\\\/logo\\\/image\\\/\",\"url\":\"https:\\\/\\\/i-vision.ca\\\/wp-content\\\/uploads\\\/2024\\\/05\\\/I-VISION-Logo-R.webp\",\"contentUrl\":\"https:\\\/\\\/i-vision.ca\\\/wp-content\\\/uploads\\\/2024\\\/05\\\/I-VISION-Logo-R.webp\",\"width\":1577,\"height\":332,\"caption\":\"I-VISION\"},\"image\":{\"@id\":\"https:\\\/\\\/i-vision.ca\\\/#\\\/schema\\\/logo\\\/image\\\/\"}}]}<\/script>\n<!-- \/ Yoast SEO plugin. -->","yoast_head_json":{"title":"Cam\u00e9ra r\u00e9seau thermique 4MP \u00e0 double spectre","description":"I-VISION est l'un des principaux fabricants mondiaux d'appareils et de solutions de vid\u00e9osurveillance professionnelle.","robots":{"index":"index","follow":"follow","max-snippet":"max-snippet:-1","max-image-preview":"max-image-preview:large","max-video-preview":"max-video-preview:-1"},"canonical":"https:\/\/i-vision.ca\/fr\/shop\/thermal-cameras\/22mp-lighthunter-dual-lens-network-ptz-camera-copy\/","og_locale":"fr_CA","og_type":"article","og_title":"4MP Dual-spectrum Thermal Network Bullet Camera","og_description":"I-VISION is a leading global manufacturer of professional video surveillance devices and solutions. Smart security starts here.","og_url":"https:\/\/i-vision.ca\/fr\/shop\/thermal-cameras\/22mp-lighthunter-dual-lens-network-ptz-camera-copy\/","og_site_name":"I-VISION","article_modified_time":"2024-07-16T11:43:17+00:00","og_image":[{"width":510,"height":348,"url":"https:\/\/i-vision.ca\/wp-content\/uploads\/2024\/06\/TIC2621SR-F3-4F4AC-VD-1.webp","type":"image\/webp"}],"twitter_card":"summary_large_image","twitter_misc":{"Estimation du temps de lecture":"1 minute"},"schema":{"@context":"https:\/\/schema.org","@graph":[{"@type":"WebPage","@id":"https:\/\/i-vision.ca\/shop\/thermal-cameras\/22mp-lighthunter-dual-lens-network-ptz-camera-copy\/","url":"https:\/\/i-vision.ca\/shop\/thermal-cameras\/22mp-lighthunter-dual-lens-network-ptz-camera-copy\/","name":"Cam\u00e9ra r\u00e9seau thermique 4MP \u00e0 double spectre","isPartOf":{"@id":"https:\/\/i-vision.ca\/#website"},"primaryImageOfPage":{"@id":"https:\/\/i-vision.ca\/shop\/thermal-cameras\/22mp-lighthunter-dual-lens-network-ptz-camera-copy\/#primaryimage"},"image":{"@id":"https:\/\/i-vision.ca\/shop\/thermal-cameras\/22mp-lighthunter-dual-lens-network-ptz-camera-copy\/#primaryimage"},"thumbnailUrl":"https:\/\/i-vision.ca\/wp-content\/uploads\/2024\/06\/TIC2621SR-F3-4F4AC-VD-1.webp","datePublished":"2024-06-25T20:04:11+00:00","dateModified":"2024-07-16T11:43:17+00:00","description":"I-VISION est l'un des principaux fabricants mondiaux d'appareils et de solutions de vid\u00e9osurveillance professionnelle.","breadcrumb":{"@id":"https:\/\/i-vision.ca\/shop\/thermal-cameras\/22mp-lighthunter-dual-lens-network-ptz-camera-copy\/#breadcrumb"},"inLanguage":"fr-CA","potentialAction":[{"@type":"ReadAction","target":["https:\/\/i-vision.ca\/shop\/thermal-cameras\/22mp-lighthunter-dual-lens-network-ptz-camera-copy\/"]}]},{"@type":"ImageObject","inLanguage":"fr-CA","@id":"https:\/\/i-vision.ca\/shop\/thermal-cameras\/22mp-lighthunter-dual-lens-network-ptz-camera-copy\/#primaryimage","url":"https:\/\/i-vision.ca\/wp-content\/uploads\/2024\/06\/TIC2621SR-F3-4F4AC-VD-1.webp","contentUrl":"https:\/\/i-vision.ca\/wp-content\/uploads\/2024\/06\/TIC2621SR-F3-4F4AC-VD-1.webp","width":510,"height":348},{"@type":"BreadcrumbList","@id":"https:\/\/i-vision.ca\/shop\/thermal-cameras\/22mp-lighthunter-dual-lens-network-ptz-camera-copy\/#breadcrumb","itemListElement":[{"@type":"ListItem","position":1,"name":"Home","item":"https:\/\/i-vision.ca\/"},{"@type":"ListItem","position":2,"name":"Products","item":"https:\/\/i-vision.ca\/shop\/"},{"@type":"ListItem","position":3,"name":"4MP Dual-spectrum Thermal Network Bullet Camera"}]},{"@type":"WebSite","@id":"https:\/\/i-vision.ca\/#website","url":"https:\/\/i-vision.ca\/","name":"I-VISION","description":"Cam\u00e9ras de s\u00e9curit\u00e9","publisher":{"@id":"https:\/\/i-vision.ca\/#organization"},"potentialAction":[{"@type":"SearchAction","target":{"@type":"EntryPoint","urlTemplate":"https:\/\/i-vision.ca\/?s={search_term_string}"},"query-input":{"@type":"PropertyValueSpecification","valueRequired":true,"valueName":"search_term_string"}}],"inLanguage":"fr-CA"},{"@type":"Organization","@id":"https:\/\/i-vision.ca\/#organization","name":"I-VISION","url":"https:\/\/i-vision.ca\/","logo":{"@type":"ImageObject","inLanguage":"fr-CA","@id":"https:\/\/i-vision.ca\/#\/schema\/logo\/image\/","url":"https:\/\/i-vision.ca\/wp-content\/uploads\/2024\/05\/I-VISION-Logo-R.webp","contentUrl":"https:\/\/i-vision.ca\/wp-content\/uploads\/2024\/05\/I-VISION-Logo-R.webp","width":1577,"height":332,"caption":"I-VISION"},"image":{"@id":"https:\/\/i-vision.ca\/#\/schema\/logo\/image\/"}}]}},"_links":{"self":[{"href":"https:\/\/i-vision.ca\/fr\/wp-json\/wp\/v2\/product\/5245","targetHints":{"allow":["GET"]}}],"collection":[{"href":"https:\/\/i-vision.ca\/fr\/wp-json\/wp\/v2\/product"}],"about":[{"href":"https:\/\/i-vision.ca\/fr\/wp-json\/wp\/v2\/types\/product"}],"wp:featuredmedia":[{"embeddable":true,"href":"https:\/\/i-vision.ca\/fr\/wp-json\/wp\/v2\/media\/5257"}],"wp:attachment":[{"href":"https:\/\/i-vision.ca\/fr\/wp-json\/wp\/v2\/media?parent=5245"}],"wp:term":[{"taxonomy":"product_brand","embeddable":true,"href":"https:\/\/i-vision.ca\/fr\/wp-json\/wp\/v2\/product_brand?post=5245"},{"taxonomy":"product_cat","embeddable":true,"href":"https:\/\/i-vision.ca\/fr\/wp-json\/wp\/v2\/product_cat?post=5245"},{"taxonomy":"product_tag","embeddable":true,"href":"https:\/\/i-vision.ca\/fr\/wp-json\/wp\/v2\/product_tag?post=5245"}],"curies":[{"name":"wp","href":"https:\/\/api.w.org\/{rel}","templated":true}]}}