{"id":5222,"date":"2024-06-25T16:27:22","date_gmt":"2024-06-25T16:27:22","guid":{"rendered":"http:\/\/i-vision.ca\/?post_type=product&#038;p=5222"},"modified":"2024-07-16T11:38:47","modified_gmt":"2024-07-16T11:38:47","slug":"2mp-fixed-ir-bullet-analog-camera","status":"publish","type":"product","link":"https:\/\/i-vision.ca\/fr\/shop\/analog-cameras\/2mp-fixed-ir-bullet-analog-camera\/","title":{"rendered":"Cam\u00e9ra analogique Bullet IR fixe 2MP"},"content":{"rendered":"<ul>\n<li>Image de haute qualit\u00e9 2MP<\/li>\n<li>TVI\/AHD\/CVI\/CVBS<\/li>\n<li>Filtre de coupure IR avec commutation automatique (ICR)<\/li>\n<li>Prise en charge du retournement horizontal \u00e0 180\u00b0 et du retournement vertical \u00e0 180\u00b0.<\/li>\n<li>Menu de configuration OSD, facile \u00e0 utiliser<\/li>\n<li>Conception \u00e9tanche \u00e0 l'eau et \u00e0 la poussi\u00e8re IP67, haute fiabilit\u00e9<\/li>\n<li>Menu de configuration OSD en 11 langues<\/li>\n<\/ul>","protected":false},"excerpt":{"rendered":"<p>2MP high quality image TVI\/AHD\/CVI\/CVBS IR-cut filter with auto switch (ICR) Supports 180\u00b0 horizontal flip, 180\u00b0 vertical flip OSD configuration menu, easy to operate IP67 waterproof and dustproof design, high reliability OSD configuration menu in 11 languages<\/p>","protected":false},"featured_media":5223,"template":"","meta":{"_acf_changed":false,"site-sidebar-layout":"default","site-content-layout":"","ast-site-content-layout":"default","site-content-style":"default","site-sidebar-style":"default","ast-global-header-display":"","ast-banner-title-visibility":"","ast-main-header-display":"","ast-hfb-above-header-display":"","ast-hfb-below-header-display":"","ast-hfb-mobile-header-display":"","site-post-title":"","ast-breadcrumbs-content":"","ast-featured-img":"","footer-sml-layout":"","ast-disable-related-posts":"","theme-transparent-header-meta":"default","adv-header-id-meta":"","stick-header-meta":"","header-above-stick-meta":"","header-main-stick-meta":"","header-below-stick-meta":"","astra-migrate-meta-layouts":"set","ast-page-background-enabled":"default","ast-page-background-meta":{"desktop":{"background-color":"","background-image":"","background-repeat":"repeat","background-position":"center center","background-size":"auto","background-attachment":"scroll","background-type":"","background-media":"","overlay-type":"","overlay-color":"","overlay-opacity":"","overlay-gradient":""},"tablet":{"background-color":"","background-image":"","background-repeat":"repeat","background-position":"center center","background-size":"auto","background-attachment":"scroll","background-type":"","background-media":"","overlay-type":"","overlay-color":"","overlay-opacity":"","overlay-gradient":""},"mobile":{"background-color":"","background-image":"","background-repeat":"repeat","background-position":"center center","background-size":"auto","background-attachment":"scroll","background-type":"","background-media":"","overlay-type":"","overlay-color":"","overlay-opacity":"","overlay-gradient":""}},"ast-content-background-meta":{"desktop":{"background-color":"var(--ast-global-color-5)","background-image":"","background-repeat":"repeat","background-position":"center center","background-size":"auto","background-attachment":"scroll","background-type":"","background-media":"","overlay-type":"","overlay-color":"","overlay-opacity":"","overlay-gradient":""},"tablet":{"background-color":"var(--ast-global-color-5)","background-image":"","background-repeat":"repeat","background-position":"center center","background-size":"auto","background-attachment":"scroll","background-type":"","background-media":"","overlay-type":"","overlay-color":"","overlay-opacity":"","overlay-gradient":""},"mobile":{"background-color":"var(--ast-global-color-5)","background-image":"","background-repeat":"repeat","background-position":"center center","background-size":"auto","background-attachment":"scroll","background-type":"","background-media":"","overlay-type":"","overlay-color":"","overlay-opacity":"","overlay-gradient":""}}},"product_brand":[],"product_cat":[86],"product_tag":[],"class_list":{"0":"post-5222","1":"product","2":"type-product","3":"status-publish","4":"has-post-thumbnail","6":"product_cat-analog-cameras","7":"desktop-align-left","8":"tablet-align-left","9":"mobile-align-left","11":"first","12":"instock","13":"shipping-taxable","14":"product-type-simple"},"acf":[],"yoast_head":"<!-- This site is optimized with the Yoast SEO plugin v27.4 - https:\/\/yoast.com\/product\/yoast-seo-wordpress\/ -->\n<title>2MP Fixed IR Bullet Analog Camera<\/title>\n<meta name=\"description\" content=\"I-VISION is a leading global manufacturer of professional video surveillance devices and solutions. Smart security starts here.\" \/>\n<meta name=\"robots\" content=\"index, follow, max-snippet:-1, max-image-preview:large, max-video-preview:-1\" \/>\n<link rel=\"canonical\" href=\"https:\/\/i-vision.ca\/fr\/shop\/analog-cameras\/2mp-fixed-ir-bullet-analog-camera\/\" \/>\n<meta property=\"og:locale\" content=\"fr_CA\" \/>\n<meta property=\"og:type\" content=\"article\" \/>\n<meta property=\"og:title\" content=\"2MP Fixed IR Bullet Analog Camera\" \/>\n<meta property=\"og:description\" content=\"I-VISION is a leading global manufacturer of professional video surveillance devices and solutions. Smart security starts here.\" \/>\n<meta property=\"og:url\" content=\"https:\/\/i-vision.ca\/fr\/shop\/analog-cameras\/2mp-fixed-ir-bullet-analog-camera\/\" \/>\n<meta property=\"og:site_name\" content=\"I-VISION\" \/>\n<meta property=\"article:modified_time\" content=\"2024-07-16T11:38:47+00:00\" \/>\n<meta property=\"og:image\" content=\"https:\/\/i-vision.ca\/wp-content\/uploads\/2024\/06\/UAC-B112-F2840.webp\" \/>\n\t<meta property=\"og:image:width\" content=\"510\" \/>\n\t<meta property=\"og:image:height\" content=\"348\" \/>\n\t<meta property=\"og:image:type\" content=\"image\/webp\" \/>\n<meta name=\"twitter:card\" content=\"summary_large_image\" \/>\n<meta name=\"twitter:label1\" content=\"Estimation du temps de lecture\" \/>\n\t<meta name=\"twitter:data1\" content=\"1 minute\" \/>\n<script type=\"application\/ld+json\" class=\"yoast-schema-graph\">{\"@context\":\"https:\\\/\\\/schema.org\",\"@graph\":[{\"@type\":\"WebPage\",\"@id\":\"https:\\\/\\\/i-vision.ca\\\/shop\\\/analog-cameras\\\/2mp-fixed-ir-bullet-analog-camera\\\/\",\"url\":\"https:\\\/\\\/i-vision.ca\\\/shop\\\/analog-cameras\\\/2mp-fixed-ir-bullet-analog-camera\\\/\",\"name\":\"2MP Fixed IR Bullet Analog Camera\",\"isPartOf\":{\"@id\":\"https:\\\/\\\/i-vision.ca\\\/#website\"},\"primaryImageOfPage\":{\"@id\":\"https:\\\/\\\/i-vision.ca\\\/shop\\\/analog-cameras\\\/2mp-fixed-ir-bullet-analog-camera\\\/#primaryimage\"},\"image\":{\"@id\":\"https:\\\/\\\/i-vision.ca\\\/shop\\\/analog-cameras\\\/2mp-fixed-ir-bullet-analog-camera\\\/#primaryimage\"},\"thumbnailUrl\":\"https:\\\/\\\/i-vision.ca\\\/wp-content\\\/uploads\\\/2024\\\/06\\\/UAC-B112-F2840.webp\",\"datePublished\":\"2024-06-25T16:27:22+00:00\",\"dateModified\":\"2024-07-16T11:38:47+00:00\",\"description\":\"I-VISION is a leading global manufacturer of professional video surveillance devices and solutions. Smart security starts here.\",\"breadcrumb\":{\"@id\":\"https:\\\/\\\/i-vision.ca\\\/shop\\\/analog-cameras\\\/2mp-fixed-ir-bullet-analog-camera\\\/#breadcrumb\"},\"inLanguage\":\"fr-CA\",\"potentialAction\":[{\"@type\":\"ReadAction\",\"target\":[\"https:\\\/\\\/i-vision.ca\\\/shop\\\/analog-cameras\\\/2mp-fixed-ir-bullet-analog-camera\\\/\"]}]},{\"@type\":\"ImageObject\",\"inLanguage\":\"fr-CA\",\"@id\":\"https:\\\/\\\/i-vision.ca\\\/shop\\\/analog-cameras\\\/2mp-fixed-ir-bullet-analog-camera\\\/#primaryimage\",\"url\":\"https:\\\/\\\/i-vision.ca\\\/wp-content\\\/uploads\\\/2024\\\/06\\\/UAC-B112-F2840.webp\",\"contentUrl\":\"https:\\\/\\\/i-vision.ca\\\/wp-content\\\/uploads\\\/2024\\\/06\\\/UAC-B112-F2840.webp\",\"width\":510,\"height\":348},{\"@type\":\"BreadcrumbList\",\"@id\":\"https:\\\/\\\/i-vision.ca\\\/shop\\\/analog-cameras\\\/2mp-fixed-ir-bullet-analog-camera\\\/#breadcrumb\",\"itemListElement\":[{\"@type\":\"ListItem\",\"position\":1,\"name\":\"Home\",\"item\":\"https:\\\/\\\/i-vision.ca\\\/\"},{\"@type\":\"ListItem\",\"position\":2,\"name\":\"Products\",\"item\":\"https:\\\/\\\/i-vision.ca\\\/shop\\\/\"},{\"@type\":\"ListItem\",\"position\":3,\"name\":\"2MP Fixed IR Bullet Analog Camera\"}]},{\"@type\":\"WebSite\",\"@id\":\"https:\\\/\\\/i-vision.ca\\\/#website\",\"url\":\"https:\\\/\\\/i-vision.ca\\\/\",\"name\":\"I-VISION\",\"description\":\"Security Cameras\",\"publisher\":{\"@id\":\"https:\\\/\\\/i-vision.ca\\\/#organization\"},\"potentialAction\":[{\"@type\":\"SearchAction\",\"target\":{\"@type\":\"EntryPoint\",\"urlTemplate\":\"https:\\\/\\\/i-vision.ca\\\/?s={search_term_string}\"},\"query-input\":{\"@type\":\"PropertyValueSpecification\",\"valueRequired\":true,\"valueName\":\"search_term_string\"}}],\"inLanguage\":\"fr-CA\"},{\"@type\":\"Organization\",\"@id\":\"https:\\\/\\\/i-vision.ca\\\/#organization\",\"name\":\"I-VISION\",\"url\":\"https:\\\/\\\/i-vision.ca\\\/\",\"logo\":{\"@type\":\"ImageObject\",\"inLanguage\":\"fr-CA\",\"@id\":\"https:\\\/\\\/i-vision.ca\\\/#\\\/schema\\\/logo\\\/image\\\/\",\"url\":\"https:\\\/\\\/i-vision.ca\\\/wp-content\\\/uploads\\\/2024\\\/05\\\/I-VISION-Logo-R.webp\",\"contentUrl\":\"https:\\\/\\\/i-vision.ca\\\/wp-content\\\/uploads\\\/2024\\\/05\\\/I-VISION-Logo-R.webp\",\"width\":1577,\"height\":332,\"caption\":\"I-VISION\"},\"image\":{\"@id\":\"https:\\\/\\\/i-vision.ca\\\/#\\\/schema\\\/logo\\\/image\\\/\"}}]}<\/script>\n<!-- \/ Yoast SEO plugin. -->","yoast_head_json":{"title":"Cam\u00e9ra analogique Bullet IR fixe 2MP","description":"I-VISION est l'un des principaux fabricants mondiaux d'appareils et de solutions de vid\u00e9osurveillance professionnelle.","robots":{"index":"index","follow":"follow","max-snippet":"max-snippet:-1","max-image-preview":"max-image-preview:large","max-video-preview":"max-video-preview:-1"},"canonical":"https:\/\/i-vision.ca\/fr\/shop\/analog-cameras\/2mp-fixed-ir-bullet-analog-camera\/","og_locale":"fr_CA","og_type":"article","og_title":"2MP Fixed IR Bullet Analog Camera","og_description":"I-VISION is a leading global manufacturer of professional video surveillance devices and solutions. Smart security starts here.","og_url":"https:\/\/i-vision.ca\/fr\/shop\/analog-cameras\/2mp-fixed-ir-bullet-analog-camera\/","og_site_name":"I-VISION","article_modified_time":"2024-07-16T11:38:47+00:00","og_image":[{"width":510,"height":348,"url":"https:\/\/i-vision.ca\/wp-content\/uploads\/2024\/06\/UAC-B112-F2840.webp","type":"image\/webp"}],"twitter_card":"summary_large_image","twitter_misc":{"Estimation du temps de lecture":"1 minute"},"schema":{"@context":"https:\/\/schema.org","@graph":[{"@type":"WebPage","@id":"https:\/\/i-vision.ca\/shop\/analog-cameras\/2mp-fixed-ir-bullet-analog-camera\/","url":"https:\/\/i-vision.ca\/shop\/analog-cameras\/2mp-fixed-ir-bullet-analog-camera\/","name":"Cam\u00e9ra analogique Bullet IR fixe 2MP","isPartOf":{"@id":"https:\/\/i-vision.ca\/#website"},"primaryImageOfPage":{"@id":"https:\/\/i-vision.ca\/shop\/analog-cameras\/2mp-fixed-ir-bullet-analog-camera\/#primaryimage"},"image":{"@id":"https:\/\/i-vision.ca\/shop\/analog-cameras\/2mp-fixed-ir-bullet-analog-camera\/#primaryimage"},"thumbnailUrl":"https:\/\/i-vision.ca\/wp-content\/uploads\/2024\/06\/UAC-B112-F2840.webp","datePublished":"2024-06-25T16:27:22+00:00","dateModified":"2024-07-16T11:38:47+00:00","description":"I-VISION est l'un des principaux fabricants mondiaux d'appareils et de solutions de vid\u00e9osurveillance professionnelle.","breadcrumb":{"@id":"https:\/\/i-vision.ca\/shop\/analog-cameras\/2mp-fixed-ir-bullet-analog-camera\/#breadcrumb"},"inLanguage":"fr-CA","potentialAction":[{"@type":"ReadAction","target":["https:\/\/i-vision.ca\/shop\/analog-cameras\/2mp-fixed-ir-bullet-analog-camera\/"]}]},{"@type":"ImageObject","inLanguage":"fr-CA","@id":"https:\/\/i-vision.ca\/shop\/analog-cameras\/2mp-fixed-ir-bullet-analog-camera\/#primaryimage","url":"https:\/\/i-vision.ca\/wp-content\/uploads\/2024\/06\/UAC-B112-F2840.webp","contentUrl":"https:\/\/i-vision.ca\/wp-content\/uploads\/2024\/06\/UAC-B112-F2840.webp","width":510,"height":348},{"@type":"BreadcrumbList","@id":"https:\/\/i-vision.ca\/shop\/analog-cameras\/2mp-fixed-ir-bullet-analog-camera\/#breadcrumb","itemListElement":[{"@type":"ListItem","position":1,"name":"Home","item":"https:\/\/i-vision.ca\/"},{"@type":"ListItem","position":2,"name":"Products","item":"https:\/\/i-vision.ca\/shop\/"},{"@type":"ListItem","position":3,"name":"2MP Fixed IR Bullet Analog Camera"}]},{"@type":"WebSite","@id":"https:\/\/i-vision.ca\/#website","url":"https:\/\/i-vision.ca\/","name":"I-VISION","description":"Cam\u00e9ras de s\u00e9curit\u00e9","publisher":{"@id":"https:\/\/i-vision.ca\/#organization"},"potentialAction":[{"@type":"SearchAction","target":{"@type":"EntryPoint","urlTemplate":"https:\/\/i-vision.ca\/?s={search_term_string}"},"query-input":{"@type":"PropertyValueSpecification","valueRequired":true,"valueName":"search_term_string"}}],"inLanguage":"fr-CA"},{"@type":"Organization","@id":"https:\/\/i-vision.ca\/#organization","name":"I-VISION","url":"https:\/\/i-vision.ca\/","logo":{"@type":"ImageObject","inLanguage":"fr-CA","@id":"https:\/\/i-vision.ca\/#\/schema\/logo\/image\/","url":"https:\/\/i-vision.ca\/wp-content\/uploads\/2024\/05\/I-VISION-Logo-R.webp","contentUrl":"https:\/\/i-vision.ca\/wp-content\/uploads\/2024\/05\/I-VISION-Logo-R.webp","width":1577,"height":332,"caption":"I-VISION"},"image":{"@id":"https:\/\/i-vision.ca\/#\/schema\/logo\/image\/"}}]}},"_links":{"self":[{"href":"https:\/\/i-vision.ca\/fr\/wp-json\/wp\/v2\/product\/5222","targetHints":{"allow":["GET"]}}],"collection":[{"href":"https:\/\/i-vision.ca\/fr\/wp-json\/wp\/v2\/product"}],"about":[{"href":"https:\/\/i-vision.ca\/fr\/wp-json\/wp\/v2\/types\/product"}],"wp:featuredmedia":[{"embeddable":true,"href":"https:\/\/i-vision.ca\/fr\/wp-json\/wp\/v2\/media\/5223"}],"wp:attachment":[{"href":"https:\/\/i-vision.ca\/fr\/wp-json\/wp\/v2\/media?parent=5222"}],"wp:term":[{"taxonomy":"product_brand","embeddable":true,"href":"https:\/\/i-vision.ca\/fr\/wp-json\/wp\/v2\/product_brand?post=5222"},{"taxonomy":"product_cat","embeddable":true,"href":"https:\/\/i-vision.ca\/fr\/wp-json\/wp\/v2\/product_cat?post=5222"},{"taxonomy":"product_tag","embeddable":true,"href":"https:\/\/i-vision.ca\/fr\/wp-json\/wp\/v2\/product_tag?post=5222"}],"curies":[{"name":"wp","href":"https:\/\/api.w.org\/{rel}","templated":true}]}}