{"id":5193,"date":"2024-06-20T20:39:52","date_gmt":"2024-06-20T20:39:52","guid":{"rendered":"http:\/\/i-vision.ca\/?post_type=product&#038;p=5193"},"modified":"2024-07-16T11:30:53","modified_gmt":"2024-07-16T11:30:53","slug":"4mp-hd-intelligent-lighthunter-ir-fixed-mini-dome-camera","status":"publish","type":"product","link":"https:\/\/i-vision.ca\/fr\/shop\/ip-cameras\/4mp-hd-intelligent-lighthunter-ir-fixed-mini-dome-camera\/","title":{"rendered":"Cam\u00e9ra mini-d\u00f4me fixe LightHunter IR intelligente 4MP HD"},"content":{"rendered":"<ul>\n<li>Imagerie de haute qualit\u00e9 gr\u00e2ce au capteur 4MP, 1\/3\u2033CMOS<\/li>\n<li>4MP (2688*1520)@ 30\/25fps ; 4MP (2560*1440)@ 30\/25fps ; 3MP (2304*1296) @30\/25fps ; 2MP (1920*1080) @30\/25fps ;<\/li>\n<li>Ultra 265, H.265, H.264, MJPEG<\/li>\n<li>Pr\u00e9vention intelligente des intrusions, y compris la d\u00e9tection des lignes transversales, des intrusions, de l'entr\u00e9e dans une zone et de la sortie d'une zone<\/li>\n<li>Sur la base de la classification des cibles, la pr\u00e9vention intelligente des intrusions r\u00e9duit consid\u00e9rablement les fausses alarmes caus\u00e9es par les feuilles, les oiseaux, les lumi\u00e8res, etc., et se concentre avec pr\u00e9cision sur les \u00eatres humains, les v\u00e9hicules motoris\u00e9s et les v\u00e9hicules non motoris\u00e9s.<\/li>\n<li>La technologie LightHunter garantit une qualit\u00e9 d'image tr\u00e8s \u00e9lev\u00e9e dans un environnement \u00e0 faible \u00e9clairage.<\/li>\n<li>La technologie WDR 120dB permet d'obtenir une image claire en cas de forte luminosit\u00e9.<\/li>\n<li>Prise en charge du mode corridor 9:16<\/li>\n<li>Audio : 1 entr\u00e9e\/1 sortie<\/li>\n<li>Smart IR, jusqu'\u00e0 30 m de distance IR<\/li>\n<li>Prise en charge de la carte Micro SD 256 G<\/li>\n<li>IK10 r\u00e9sistant au vandalisme<\/li>\n<li>Protection IP67<\/li>\n<li>Prise en charge de l'alimentation PoE<\/li>\n<\/ul>","protected":false},"excerpt":{"rendered":"<p>High quality imaging with 4MP, 1\/3&#8243;CMOS sensor 4MP (2688*1520)@ 30\/25fps; 4MP (2560*1440)@ 30\/25fps; 3MP (2304*1296) @30\/25fps; 2MP (1920*1080) @30\/25fps; Ultra 265, H.265, H.264, MJPEG Smart intrusion prevention, include cross line, intrusion, enter area, leave area detection Based on target classification, smart intrusion prevention significantly reduce false alarm caused by leaves, birds and lights etc., accurately [&hellip;]<\/p>\n","protected":false},"featured_media":5191,"template":"","meta":{"_acf_changed":false,"site-sidebar-layout":"default","site-content-layout":"","ast-site-content-layout":"default","site-content-style":"default","site-sidebar-style":"default","ast-global-header-display":"","ast-banner-title-visibility":"","ast-main-header-display":"","ast-hfb-above-header-display":"","ast-hfb-below-header-display":"","ast-hfb-mobile-header-display":"","site-post-title":"","ast-breadcrumbs-content":"","ast-featured-img":"","footer-sml-layout":"","ast-disable-related-posts":"","theme-transparent-header-meta":"default","adv-header-id-meta":"","stick-header-meta":"","header-above-stick-meta":"","header-main-stick-meta":"","header-below-stick-meta":"","astra-migrate-meta-layouts":"set","ast-page-background-enabled":"default","ast-page-background-meta":{"desktop":{"background-color":"","background-image":"","background-repeat":"repeat","background-position":"center center","background-size":"auto","background-attachment":"scroll","background-type":"","background-media":"","overlay-type":"","overlay-color":"","overlay-opacity":"","overlay-gradient":""},"tablet":{"background-color":"","background-image":"","background-repeat":"repeat","background-position":"center center","background-size":"auto","background-attachment":"scroll","background-type":"","background-media":"","overlay-type":"","overlay-color":"","overlay-opacity":"","overlay-gradient":""},"mobile":{"background-color":"","background-image":"","background-repeat":"repeat","background-position":"center center","background-size":"auto","background-attachment":"scroll","background-type":"","background-media":"","overlay-type":"","overlay-color":"","overlay-opacity":"","overlay-gradient":""}},"ast-content-background-meta":{"desktop":{"background-color":"var(--ast-global-color-5)","background-image":"","background-repeat":"repeat","background-position":"center center","background-size":"auto","background-attachment":"scroll","background-type":"","background-media":"","overlay-type":"","overlay-color":"","overlay-opacity":"","overlay-gradient":""},"tablet":{"background-color":"var(--ast-global-color-5)","background-image":"","background-repeat":"repeat","background-position":"center center","background-size":"auto","background-attachment":"scroll","background-type":"","background-media":"","overlay-type":"","overlay-color":"","overlay-opacity":"","overlay-gradient":""},"mobile":{"background-color":"var(--ast-global-color-5)","background-image":"","background-repeat":"repeat","background-position":"center center","background-size":"auto","background-attachment":"scroll","background-type":"","background-media":"","overlay-type":"","overlay-color":"","overlay-opacity":"","overlay-gradient":""}}},"product_brand":[],"product_cat":[72],"product_tag":[],"class_list":{"0":"post-5193","1":"product","2":"type-product","3":"status-publish","4":"has-post-thumbnail","6":"product_cat-ip-cameras","7":"desktop-align-left","8":"tablet-align-left","9":"mobile-align-left","11":"first","12":"instock","13":"shipping-taxable","14":"product-type-simple"},"acf":[],"yoast_head":"<!-- This site is optimized with the Yoast SEO plugin v27.4 - https:\/\/yoast.com\/product\/yoast-seo-wordpress\/ -->\n<title>4MP HD Intelligent LightHunter IR Fixed Mini Dome Camera<\/title>\n<meta name=\"description\" content=\"I-VISION is a leading global manufacturer of professional video surveillance devices and solutions. Smart security starts here.\" \/>\n<meta name=\"robots\" content=\"index, follow, max-snippet:-1, max-image-preview:large, max-video-preview:-1\" \/>\n<link rel=\"canonical\" href=\"https:\/\/i-vision.ca\/fr\/shop\/ip-cameras\/4mp-hd-intelligent-lighthunter-ir-fixed-mini-dome-camera\/\" \/>\n<meta property=\"og:locale\" content=\"fr_CA\" \/>\n<meta property=\"og:type\" content=\"article\" \/>\n<meta property=\"og:title\" content=\"4MP HD Intelligent LightHunter IR Fixed Mini Dome Camera\" \/>\n<meta property=\"og:description\" content=\"I-VISION is a leading global manufacturer of professional video surveillance devices and solutions. Smart security starts here.\" \/>\n<meta property=\"og:url\" content=\"https:\/\/i-vision.ca\/fr\/shop\/ip-cameras\/4mp-hd-intelligent-lighthunter-ir-fixed-mini-dome-camera\/\" \/>\n<meta property=\"og:site_name\" content=\"I-VISION\" \/>\n<meta property=\"article:modified_time\" content=\"2024-07-16T11:30:53+00:00\" \/>\n<meta property=\"og:image\" content=\"https:\/\/i-vision.ca\/wp-content\/uploads\/2024\/06\/IPC312SB-ADF28K-I0.webp\" \/>\n\t<meta property=\"og:image:width\" content=\"510\" \/>\n\t<meta property=\"og:image:height\" content=\"348\" \/>\n\t<meta property=\"og:image:type\" content=\"image\/webp\" \/>\n<meta name=\"twitter:card\" content=\"summary_large_image\" \/>\n<meta name=\"twitter:label1\" content=\"Estimation du temps de lecture\" \/>\n\t<meta name=\"twitter:data1\" content=\"1 minute\" \/>\n<script type=\"application\/ld+json\" class=\"yoast-schema-graph\">{\"@context\":\"https:\\\/\\\/schema.org\",\"@graph\":[{\"@type\":\"WebPage\",\"@id\":\"https:\\\/\\\/i-vision.ca\\\/shop\\\/ip-cameras\\\/4mp-hd-intelligent-lighthunter-ir-fixed-mini-dome-camera\\\/\",\"url\":\"https:\\\/\\\/i-vision.ca\\\/shop\\\/ip-cameras\\\/4mp-hd-intelligent-lighthunter-ir-fixed-mini-dome-camera\\\/\",\"name\":\"4MP HD Intelligent LightHunter IR Fixed Mini Dome Camera\",\"isPartOf\":{\"@id\":\"https:\\\/\\\/i-vision.ca\\\/#website\"},\"primaryImageOfPage\":{\"@id\":\"https:\\\/\\\/i-vision.ca\\\/shop\\\/ip-cameras\\\/4mp-hd-intelligent-lighthunter-ir-fixed-mini-dome-camera\\\/#primaryimage\"},\"image\":{\"@id\":\"https:\\\/\\\/i-vision.ca\\\/shop\\\/ip-cameras\\\/4mp-hd-intelligent-lighthunter-ir-fixed-mini-dome-camera\\\/#primaryimage\"},\"thumbnailUrl\":\"https:\\\/\\\/i-vision.ca\\\/wp-content\\\/uploads\\\/2024\\\/06\\\/IPC312SB-ADF28K-I0.webp\",\"datePublished\":\"2024-06-20T20:39:52+00:00\",\"dateModified\":\"2024-07-16T11:30:53+00:00\",\"description\":\"I-VISION is a leading global manufacturer of professional video surveillance devices and solutions. Smart security starts here.\",\"breadcrumb\":{\"@id\":\"https:\\\/\\\/i-vision.ca\\\/shop\\\/ip-cameras\\\/4mp-hd-intelligent-lighthunter-ir-fixed-mini-dome-camera\\\/#breadcrumb\"},\"inLanguage\":\"fr-CA\",\"potentialAction\":[{\"@type\":\"ReadAction\",\"target\":[\"https:\\\/\\\/i-vision.ca\\\/shop\\\/ip-cameras\\\/4mp-hd-intelligent-lighthunter-ir-fixed-mini-dome-camera\\\/\"]}]},{\"@type\":\"ImageObject\",\"inLanguage\":\"fr-CA\",\"@id\":\"https:\\\/\\\/i-vision.ca\\\/shop\\\/ip-cameras\\\/4mp-hd-intelligent-lighthunter-ir-fixed-mini-dome-camera\\\/#primaryimage\",\"url\":\"https:\\\/\\\/i-vision.ca\\\/wp-content\\\/uploads\\\/2024\\\/06\\\/IPC312SB-ADF28K-I0.webp\",\"contentUrl\":\"https:\\\/\\\/i-vision.ca\\\/wp-content\\\/uploads\\\/2024\\\/06\\\/IPC312SB-ADF28K-I0.webp\",\"width\":510,\"height\":348},{\"@type\":\"BreadcrumbList\",\"@id\":\"https:\\\/\\\/i-vision.ca\\\/shop\\\/ip-cameras\\\/4mp-hd-intelligent-lighthunter-ir-fixed-mini-dome-camera\\\/#breadcrumb\",\"itemListElement\":[{\"@type\":\"ListItem\",\"position\":1,\"name\":\"Home\",\"item\":\"https:\\\/\\\/i-vision.ca\\\/\"},{\"@type\":\"ListItem\",\"position\":2,\"name\":\"Products\",\"item\":\"https:\\\/\\\/i-vision.ca\\\/shop\\\/\"},{\"@type\":\"ListItem\",\"position\":3,\"name\":\"4MP HD Intelligent LightHunter IR Fixed Mini Dome Camera\"}]},{\"@type\":\"WebSite\",\"@id\":\"https:\\\/\\\/i-vision.ca\\\/#website\",\"url\":\"https:\\\/\\\/i-vision.ca\\\/\",\"name\":\"I-VISION\",\"description\":\"Security Cameras\",\"publisher\":{\"@id\":\"https:\\\/\\\/i-vision.ca\\\/#organization\"},\"potentialAction\":[{\"@type\":\"SearchAction\",\"target\":{\"@type\":\"EntryPoint\",\"urlTemplate\":\"https:\\\/\\\/i-vision.ca\\\/?s={search_term_string}\"},\"query-input\":{\"@type\":\"PropertyValueSpecification\",\"valueRequired\":true,\"valueName\":\"search_term_string\"}}],\"inLanguage\":\"fr-CA\"},{\"@type\":\"Organization\",\"@id\":\"https:\\\/\\\/i-vision.ca\\\/#organization\",\"name\":\"I-VISION\",\"url\":\"https:\\\/\\\/i-vision.ca\\\/\",\"logo\":{\"@type\":\"ImageObject\",\"inLanguage\":\"fr-CA\",\"@id\":\"https:\\\/\\\/i-vision.ca\\\/#\\\/schema\\\/logo\\\/image\\\/\",\"url\":\"https:\\\/\\\/i-vision.ca\\\/wp-content\\\/uploads\\\/2024\\\/05\\\/I-VISION-Logo-R.webp\",\"contentUrl\":\"https:\\\/\\\/i-vision.ca\\\/wp-content\\\/uploads\\\/2024\\\/05\\\/I-VISION-Logo-R.webp\",\"width\":1577,\"height\":332,\"caption\":\"I-VISION\"},\"image\":{\"@id\":\"https:\\\/\\\/i-vision.ca\\\/#\\\/schema\\\/logo\\\/image\\\/\"}}]}<\/script>\n<!-- \/ Yoast SEO plugin. -->","yoast_head_json":{"title":"Cam\u00e9ra mini-d\u00f4me fixe LightHunter IR intelligente 4MP HD","description":"I-VISION est l'un des principaux fabricants mondiaux d'appareils et de solutions de vid\u00e9osurveillance professionnelle.","robots":{"index":"index","follow":"follow","max-snippet":"max-snippet:-1","max-image-preview":"max-image-preview:large","max-video-preview":"max-video-preview:-1"},"canonical":"https:\/\/i-vision.ca\/fr\/shop\/ip-cameras\/4mp-hd-intelligent-lighthunter-ir-fixed-mini-dome-camera\/","og_locale":"fr_CA","og_type":"article","og_title":"4MP HD Intelligent LightHunter IR Fixed Mini Dome Camera","og_description":"I-VISION is a leading global manufacturer of professional video surveillance devices and solutions. Smart security starts here.","og_url":"https:\/\/i-vision.ca\/fr\/shop\/ip-cameras\/4mp-hd-intelligent-lighthunter-ir-fixed-mini-dome-camera\/","og_site_name":"I-VISION","article_modified_time":"2024-07-16T11:30:53+00:00","og_image":[{"width":510,"height":348,"url":"https:\/\/i-vision.ca\/wp-content\/uploads\/2024\/06\/IPC312SB-ADF28K-I0.webp","type":"image\/webp"}],"twitter_card":"summary_large_image","twitter_misc":{"Estimation du temps de lecture":"1 minute"},"schema":{"@context":"https:\/\/schema.org","@graph":[{"@type":"WebPage","@id":"https:\/\/i-vision.ca\/shop\/ip-cameras\/4mp-hd-intelligent-lighthunter-ir-fixed-mini-dome-camera\/","url":"https:\/\/i-vision.ca\/shop\/ip-cameras\/4mp-hd-intelligent-lighthunter-ir-fixed-mini-dome-camera\/","name":"Cam\u00e9ra mini-d\u00f4me fixe LightHunter IR intelligente 4MP HD","isPartOf":{"@id":"https:\/\/i-vision.ca\/#website"},"primaryImageOfPage":{"@id":"https:\/\/i-vision.ca\/shop\/ip-cameras\/4mp-hd-intelligent-lighthunter-ir-fixed-mini-dome-camera\/#primaryimage"},"image":{"@id":"https:\/\/i-vision.ca\/shop\/ip-cameras\/4mp-hd-intelligent-lighthunter-ir-fixed-mini-dome-camera\/#primaryimage"},"thumbnailUrl":"https:\/\/i-vision.ca\/wp-content\/uploads\/2024\/06\/IPC312SB-ADF28K-I0.webp","datePublished":"2024-06-20T20:39:52+00:00","dateModified":"2024-07-16T11:30:53+00:00","description":"I-VISION est l'un des principaux fabricants mondiaux d'appareils et de solutions de vid\u00e9osurveillance professionnelle.","breadcrumb":{"@id":"https:\/\/i-vision.ca\/shop\/ip-cameras\/4mp-hd-intelligent-lighthunter-ir-fixed-mini-dome-camera\/#breadcrumb"},"inLanguage":"fr-CA","potentialAction":[{"@type":"ReadAction","target":["https:\/\/i-vision.ca\/shop\/ip-cameras\/4mp-hd-intelligent-lighthunter-ir-fixed-mini-dome-camera\/"]}]},{"@type":"ImageObject","inLanguage":"fr-CA","@id":"https:\/\/i-vision.ca\/shop\/ip-cameras\/4mp-hd-intelligent-lighthunter-ir-fixed-mini-dome-camera\/#primaryimage","url":"https:\/\/i-vision.ca\/wp-content\/uploads\/2024\/06\/IPC312SB-ADF28K-I0.webp","contentUrl":"https:\/\/i-vision.ca\/wp-content\/uploads\/2024\/06\/IPC312SB-ADF28K-I0.webp","width":510,"height":348},{"@type":"BreadcrumbList","@id":"https:\/\/i-vision.ca\/shop\/ip-cameras\/4mp-hd-intelligent-lighthunter-ir-fixed-mini-dome-camera\/#breadcrumb","itemListElement":[{"@type":"ListItem","position":1,"name":"Home","item":"https:\/\/i-vision.ca\/"},{"@type":"ListItem","position":2,"name":"Products","item":"https:\/\/i-vision.ca\/shop\/"},{"@type":"ListItem","position":3,"name":"4MP HD Intelligent LightHunter IR Fixed Mini Dome Camera"}]},{"@type":"WebSite","@id":"https:\/\/i-vision.ca\/#website","url":"https:\/\/i-vision.ca\/","name":"I-VISION","description":"Cam\u00e9ras de s\u00e9curit\u00e9","publisher":{"@id":"https:\/\/i-vision.ca\/#organization"},"potentialAction":[{"@type":"SearchAction","target":{"@type":"EntryPoint","urlTemplate":"https:\/\/i-vision.ca\/?s={search_term_string}"},"query-input":{"@type":"PropertyValueSpecification","valueRequired":true,"valueName":"search_term_string"}}],"inLanguage":"fr-CA"},{"@type":"Organization","@id":"https:\/\/i-vision.ca\/#organization","name":"I-VISION","url":"https:\/\/i-vision.ca\/","logo":{"@type":"ImageObject","inLanguage":"fr-CA","@id":"https:\/\/i-vision.ca\/#\/schema\/logo\/image\/","url":"https:\/\/i-vision.ca\/wp-content\/uploads\/2024\/05\/I-VISION-Logo-R.webp","contentUrl":"https:\/\/i-vision.ca\/wp-content\/uploads\/2024\/05\/I-VISION-Logo-R.webp","width":1577,"height":332,"caption":"I-VISION"},"image":{"@id":"https:\/\/i-vision.ca\/#\/schema\/logo\/image\/"}}]}},"_links":{"self":[{"href":"https:\/\/i-vision.ca\/fr\/wp-json\/wp\/v2\/product\/5193","targetHints":{"allow":["GET"]}}],"collection":[{"href":"https:\/\/i-vision.ca\/fr\/wp-json\/wp\/v2\/product"}],"about":[{"href":"https:\/\/i-vision.ca\/fr\/wp-json\/wp\/v2\/types\/product"}],"wp:featuredmedia":[{"embeddable":true,"href":"https:\/\/i-vision.ca\/fr\/wp-json\/wp\/v2\/media\/5191"}],"wp:attachment":[{"href":"https:\/\/i-vision.ca\/fr\/wp-json\/wp\/v2\/media?parent=5193"}],"wp:term":[{"taxonomy":"product_brand","embeddable":true,"href":"https:\/\/i-vision.ca\/fr\/wp-json\/wp\/v2\/product_brand?post=5193"},{"taxonomy":"product_cat","embeddable":true,"href":"https:\/\/i-vision.ca\/fr\/wp-json\/wp\/v2\/product_cat?post=5193"},{"taxonomy":"product_tag","embeddable":true,"href":"https:\/\/i-vision.ca\/fr\/wp-json\/wp\/v2\/product_tag?post=5193"}],"curies":[{"name":"wp","href":"https:\/\/api.w.org\/{rel}","templated":true}]}}