{"id":5041,"date":"2024-06-13T17:50:16","date_gmt":"2024-06-13T17:50:16","guid":{"rendered":"http:\/\/i-vision.ca\/?post_type=product&#038;p=5041"},"modified":"2024-06-13T17:50:16","modified_gmt":"2024-06-13T17:50:16","slug":"6-port-100m-poe-switch-with-build-in-power-supply","status":"publish","type":"product","link":"https:\/\/i-vision.ca\/fr\/shop\/transmissions\/6-port-100m-poe-switch-with-build-in-power-supply\/","title":{"rendered":"Commutateur PoE 100M 6 ports avec alimentation int\u00e9gr\u00e9e"},"content":{"rendered":"<ul>\n<li>Mod\u00e8le:EW-S1806CF-AP<\/li>\n<li>Commutateur PoE \u00e0 4*10\/100M + 2*100M RJ45, 1-4 ports supportent af\/at ;<\/li>\n<li>Conforme aux normes IEEE 802.3 et IEEE 802.3u ;<\/li>\n<li>Support AI Watchdog, Port self-healing, VLAN, extension de la distance de 300 m\u00e8tres, Auto Speed Change, Port prioritaire &amp; r\u00e9duction de l'apr\u00e8s-vente ;<\/li>\n<li>Le port PoE prend en charge la reconnaissance intelligente AF\/AT.<\/li>\n<li>La puissance standard est de 15,4 W\/port, port 1-3 Puissance maximale :<\/li>\n<\/ul>","protected":false},"excerpt":{"rendered":"<p>Model:EW-S1806CF-AP 4*10\/100M + 2*100M\u00a0RJ45 Port PoE Switch,1-4 ports support af\/at; Comply with IEEE 802.3, IEEE 802.3u standards; Support AI Watchdog, Port self-healing, VLAN, extend 300meter distance, Auto Speed Change, Priority port &amp; reduce the after-resale; PoE port support AF\/AT intelligent recognition. Standard power is 15.4W\/port, port 1-3 Maximum power:<\/p>","protected":false},"featured_media":5042,"template":"","meta":{"_acf_changed":false,"site-sidebar-layout":"default","site-content-layout":"","ast-site-content-layout":"default","site-content-style":"default","site-sidebar-style":"default","ast-global-header-display":"","ast-banner-title-visibility":"","ast-main-header-display":"","ast-hfb-above-header-display":"","ast-hfb-below-header-display":"","ast-hfb-mobile-header-display":"","site-post-title":"","ast-breadcrumbs-content":"","ast-featured-img":"","footer-sml-layout":"","ast-disable-related-posts":"","theme-transparent-header-meta":"default","adv-header-id-meta":"","stick-header-meta":"","header-above-stick-meta":"","header-main-stick-meta":"","header-below-stick-meta":"","astra-migrate-meta-layouts":"set","ast-page-background-enabled":"default","ast-page-background-meta":{"desktop":{"background-color":"","background-image":"","background-repeat":"repeat","background-position":"center center","background-size":"auto","background-attachment":"scroll","background-type":"","background-media":"","overlay-type":"","overlay-color":"","overlay-opacity":"","overlay-gradient":""},"tablet":{"background-color":"","background-image":"","background-repeat":"repeat","background-position":"center center","background-size":"auto","background-attachment":"scroll","background-type":"","background-media":"","overlay-type":"","overlay-color":"","overlay-opacity":"","overlay-gradient":""},"mobile":{"background-color":"","background-image":"","background-repeat":"repeat","background-position":"center center","background-size":"auto","background-attachment":"scroll","background-type":"","background-media":"","overlay-type":"","overlay-color":"","overlay-opacity":"","overlay-gradient":""}},"ast-content-background-meta":{"desktop":{"background-color":"var(--ast-global-color-5)","background-image":"","background-repeat":"repeat","background-position":"center center","background-size":"auto","background-attachment":"scroll","background-type":"","background-media":"","overlay-type":"","overlay-color":"","overlay-opacity":"","overlay-gradient":""},"tablet":{"background-color":"var(--ast-global-color-5)","background-image":"","background-repeat":"repeat","background-position":"center center","background-size":"auto","background-attachment":"scroll","background-type":"","background-media":"","overlay-type":"","overlay-color":"","overlay-opacity":"","overlay-gradient":""},"mobile":{"background-color":"var(--ast-global-color-5)","background-image":"","background-repeat":"repeat","background-position":"center center","background-size":"auto","background-attachment":"scroll","background-type":"","background-media":"","overlay-type":"","overlay-color":"","overlay-opacity":"","overlay-gradient":""}}},"product_brand":[],"product_cat":[74],"product_tag":[],"class_list":{"0":"post-5041","1":"product","2":"type-product","3":"status-publish","4":"has-post-thumbnail","6":"product_cat-transmissions","7":"desktop-align-left","8":"tablet-align-left","9":"mobile-align-left","11":"first","12":"instock","13":"shipping-taxable","14":"product-type-simple"},"acf":[],"yoast_head":"<!-- This site is optimized with the Yoast SEO plugin v27.4 - https:\/\/yoast.com\/product\/yoast-seo-wordpress\/ -->\n<title>6 Port 100M PoE Switch with Build-in Power Supply<\/title>\n<meta name=\"description\" content=\"I-VISION is a leading global manufacturer of professional video surveillance devices and solutions. Smart security starts here.\" \/>\n<meta name=\"robots\" content=\"index, follow, max-snippet:-1, max-image-preview:large, max-video-preview:-1\" \/>\n<link rel=\"canonical\" href=\"https:\/\/i-vision.ca\/fr\/shop\/transmissions\/6-port-100m-poe-switch-with-build-in-power-supply\/\" \/>\n<meta property=\"og:locale\" content=\"fr_CA\" \/>\n<meta property=\"og:type\" content=\"article\" \/>\n<meta property=\"og:title\" content=\"6 Port 100M PoE Switch with Build-in Power Supply\" \/>\n<meta property=\"og:description\" content=\"I-VISION is a leading global manufacturer of professional video surveillance devices and solutions. Smart security starts here.\" \/>\n<meta property=\"og:url\" content=\"https:\/\/i-vision.ca\/fr\/shop\/transmissions\/6-port-100m-poe-switch-with-build-in-power-supply\/\" \/>\n<meta property=\"og:site_name\" content=\"I-VISION\" \/>\n<meta property=\"og:image\" content=\"https:\/\/i-vision.ca\/wp-content\/uploads\/2024\/06\/HK-S1806CF-AP.webp\" \/>\n\t<meta property=\"og:image:width\" content=\"510\" \/>\n\t<meta property=\"og:image:height\" content=\"348\" \/>\n\t<meta property=\"og:image:type\" content=\"image\/webp\" \/>\n<meta name=\"twitter:card\" content=\"summary_large_image\" \/>\n<meta name=\"twitter:label1\" content=\"Estimation du temps de lecture\" \/>\n\t<meta name=\"twitter:data1\" content=\"1 minute\" \/>\n<script type=\"application\/ld+json\" class=\"yoast-schema-graph\">{\"@context\":\"https:\\\/\\\/schema.org\",\"@graph\":[{\"@type\":\"WebPage\",\"@id\":\"https:\\\/\\\/i-vision.ca\\\/shop\\\/transmissions\\\/6-port-100m-poe-switch-with-build-in-power-supply\\\/\",\"url\":\"https:\\\/\\\/i-vision.ca\\\/shop\\\/transmissions\\\/6-port-100m-poe-switch-with-build-in-power-supply\\\/\",\"name\":\"6 Port 100M PoE Switch with Build-in Power Supply\",\"isPartOf\":{\"@id\":\"https:\\\/\\\/i-vision.ca\\\/#website\"},\"primaryImageOfPage\":{\"@id\":\"https:\\\/\\\/i-vision.ca\\\/shop\\\/transmissions\\\/6-port-100m-poe-switch-with-build-in-power-supply\\\/#primaryimage\"},\"image\":{\"@id\":\"https:\\\/\\\/i-vision.ca\\\/shop\\\/transmissions\\\/6-port-100m-poe-switch-with-build-in-power-supply\\\/#primaryimage\"},\"thumbnailUrl\":\"https:\\\/\\\/i-vision.ca\\\/wp-content\\\/uploads\\\/2024\\\/06\\\/HK-S1806CF-AP.webp\",\"datePublished\":\"2024-06-13T17:50:16+00:00\",\"description\":\"I-VISION is a leading global manufacturer of professional video surveillance devices and solutions. Smart security starts here.\",\"breadcrumb\":{\"@id\":\"https:\\\/\\\/i-vision.ca\\\/shop\\\/transmissions\\\/6-port-100m-poe-switch-with-build-in-power-supply\\\/#breadcrumb\"},\"inLanguage\":\"fr-CA\",\"potentialAction\":[{\"@type\":\"ReadAction\",\"target\":[\"https:\\\/\\\/i-vision.ca\\\/shop\\\/transmissions\\\/6-port-100m-poe-switch-with-build-in-power-supply\\\/\"]}]},{\"@type\":\"ImageObject\",\"inLanguage\":\"fr-CA\",\"@id\":\"https:\\\/\\\/i-vision.ca\\\/shop\\\/transmissions\\\/6-port-100m-poe-switch-with-build-in-power-supply\\\/#primaryimage\",\"url\":\"https:\\\/\\\/i-vision.ca\\\/wp-content\\\/uploads\\\/2024\\\/06\\\/HK-S1806CF-AP.webp\",\"contentUrl\":\"https:\\\/\\\/i-vision.ca\\\/wp-content\\\/uploads\\\/2024\\\/06\\\/HK-S1806CF-AP.webp\",\"width\":510,\"height\":348},{\"@type\":\"BreadcrumbList\",\"@id\":\"https:\\\/\\\/i-vision.ca\\\/shop\\\/transmissions\\\/6-port-100m-poe-switch-with-build-in-power-supply\\\/#breadcrumb\",\"itemListElement\":[{\"@type\":\"ListItem\",\"position\":1,\"name\":\"Home\",\"item\":\"https:\\\/\\\/i-vision.ca\\\/\"},{\"@type\":\"ListItem\",\"position\":2,\"name\":\"Products\",\"item\":\"https:\\\/\\\/i-vision.ca\\\/shop\\\/\"},{\"@type\":\"ListItem\",\"position\":3,\"name\":\"6 Port 100M PoE Switch with Build-in Power Supply\"}]},{\"@type\":\"WebSite\",\"@id\":\"https:\\\/\\\/i-vision.ca\\\/#website\",\"url\":\"https:\\\/\\\/i-vision.ca\\\/\",\"name\":\"I-VISION\",\"description\":\"Security Cameras\",\"publisher\":{\"@id\":\"https:\\\/\\\/i-vision.ca\\\/#organization\"},\"potentialAction\":[{\"@type\":\"SearchAction\",\"target\":{\"@type\":\"EntryPoint\",\"urlTemplate\":\"https:\\\/\\\/i-vision.ca\\\/?s={search_term_string}\"},\"query-input\":{\"@type\":\"PropertyValueSpecification\",\"valueRequired\":true,\"valueName\":\"search_term_string\"}}],\"inLanguage\":\"fr-CA\"},{\"@type\":\"Organization\",\"@id\":\"https:\\\/\\\/i-vision.ca\\\/#organization\",\"name\":\"I-VISION\",\"url\":\"https:\\\/\\\/i-vision.ca\\\/\",\"logo\":{\"@type\":\"ImageObject\",\"inLanguage\":\"fr-CA\",\"@id\":\"https:\\\/\\\/i-vision.ca\\\/#\\\/schema\\\/logo\\\/image\\\/\",\"url\":\"https:\\\/\\\/i-vision.ca\\\/wp-content\\\/uploads\\\/2024\\\/05\\\/I-VISION-Logo-R.webp\",\"contentUrl\":\"https:\\\/\\\/i-vision.ca\\\/wp-content\\\/uploads\\\/2024\\\/05\\\/I-VISION-Logo-R.webp\",\"width\":1577,\"height\":332,\"caption\":\"I-VISION\"},\"image\":{\"@id\":\"https:\\\/\\\/i-vision.ca\\\/#\\\/schema\\\/logo\\\/image\\\/\"}}]}<\/script>\n<!-- \/ Yoast SEO plugin. -->","yoast_head_json":{"title":"Commutateur PoE 100M 6 ports avec alimentation int\u00e9gr\u00e9e","description":"I-VISION est l'un des principaux fabricants mondiaux d'appareils et de solutions de vid\u00e9osurveillance professionnelle.","robots":{"index":"index","follow":"follow","max-snippet":"max-snippet:-1","max-image-preview":"max-image-preview:large","max-video-preview":"max-video-preview:-1"},"canonical":"https:\/\/i-vision.ca\/fr\/shop\/transmissions\/6-port-100m-poe-switch-with-build-in-power-supply\/","og_locale":"fr_CA","og_type":"article","og_title":"6 Port 100M PoE Switch with Build-in Power Supply","og_description":"I-VISION is a leading global manufacturer of professional video surveillance devices and solutions. Smart security starts here.","og_url":"https:\/\/i-vision.ca\/fr\/shop\/transmissions\/6-port-100m-poe-switch-with-build-in-power-supply\/","og_site_name":"I-VISION","og_image":[{"width":510,"height":348,"url":"https:\/\/i-vision.ca\/wp-content\/uploads\/2024\/06\/HK-S1806CF-AP.webp","type":"image\/webp"}],"twitter_card":"summary_large_image","twitter_misc":{"Estimation du temps de lecture":"1 minute"},"schema":{"@context":"https:\/\/schema.org","@graph":[{"@type":"WebPage","@id":"https:\/\/i-vision.ca\/shop\/transmissions\/6-port-100m-poe-switch-with-build-in-power-supply\/","url":"https:\/\/i-vision.ca\/shop\/transmissions\/6-port-100m-poe-switch-with-build-in-power-supply\/","name":"Commutateur PoE 100M 6 ports avec alimentation int\u00e9gr\u00e9e","isPartOf":{"@id":"https:\/\/i-vision.ca\/#website"},"primaryImageOfPage":{"@id":"https:\/\/i-vision.ca\/shop\/transmissions\/6-port-100m-poe-switch-with-build-in-power-supply\/#primaryimage"},"image":{"@id":"https:\/\/i-vision.ca\/shop\/transmissions\/6-port-100m-poe-switch-with-build-in-power-supply\/#primaryimage"},"thumbnailUrl":"https:\/\/i-vision.ca\/wp-content\/uploads\/2024\/06\/HK-S1806CF-AP.webp","datePublished":"2024-06-13T17:50:16+00:00","description":"I-VISION est l'un des principaux fabricants mondiaux d'appareils et de solutions de vid\u00e9osurveillance professionnelle.","breadcrumb":{"@id":"https:\/\/i-vision.ca\/shop\/transmissions\/6-port-100m-poe-switch-with-build-in-power-supply\/#breadcrumb"},"inLanguage":"fr-CA","potentialAction":[{"@type":"ReadAction","target":["https:\/\/i-vision.ca\/shop\/transmissions\/6-port-100m-poe-switch-with-build-in-power-supply\/"]}]},{"@type":"ImageObject","inLanguage":"fr-CA","@id":"https:\/\/i-vision.ca\/shop\/transmissions\/6-port-100m-poe-switch-with-build-in-power-supply\/#primaryimage","url":"https:\/\/i-vision.ca\/wp-content\/uploads\/2024\/06\/HK-S1806CF-AP.webp","contentUrl":"https:\/\/i-vision.ca\/wp-content\/uploads\/2024\/06\/HK-S1806CF-AP.webp","width":510,"height":348},{"@type":"BreadcrumbList","@id":"https:\/\/i-vision.ca\/shop\/transmissions\/6-port-100m-poe-switch-with-build-in-power-supply\/#breadcrumb","itemListElement":[{"@type":"ListItem","position":1,"name":"Home","item":"https:\/\/i-vision.ca\/"},{"@type":"ListItem","position":2,"name":"Products","item":"https:\/\/i-vision.ca\/shop\/"},{"@type":"ListItem","position":3,"name":"6 Port 100M PoE Switch with Build-in Power Supply"}]},{"@type":"WebSite","@id":"https:\/\/i-vision.ca\/#website","url":"https:\/\/i-vision.ca\/","name":"I-VISION","description":"Cam\u00e9ras de s\u00e9curit\u00e9","publisher":{"@id":"https:\/\/i-vision.ca\/#organization"},"potentialAction":[{"@type":"SearchAction","target":{"@type":"EntryPoint","urlTemplate":"https:\/\/i-vision.ca\/?s={search_term_string}"},"query-input":{"@type":"PropertyValueSpecification","valueRequired":true,"valueName":"search_term_string"}}],"inLanguage":"fr-CA"},{"@type":"Organization","@id":"https:\/\/i-vision.ca\/#organization","name":"I-VISION","url":"https:\/\/i-vision.ca\/","logo":{"@type":"ImageObject","inLanguage":"fr-CA","@id":"https:\/\/i-vision.ca\/#\/schema\/logo\/image\/","url":"https:\/\/i-vision.ca\/wp-content\/uploads\/2024\/05\/I-VISION-Logo-R.webp","contentUrl":"https:\/\/i-vision.ca\/wp-content\/uploads\/2024\/05\/I-VISION-Logo-R.webp","width":1577,"height":332,"caption":"I-VISION"},"image":{"@id":"https:\/\/i-vision.ca\/#\/schema\/logo\/image\/"}}]}},"_links":{"self":[{"href":"https:\/\/i-vision.ca\/fr\/wp-json\/wp\/v2\/product\/5041","targetHints":{"allow":["GET"]}}],"collection":[{"href":"https:\/\/i-vision.ca\/fr\/wp-json\/wp\/v2\/product"}],"about":[{"href":"https:\/\/i-vision.ca\/fr\/wp-json\/wp\/v2\/types\/product"}],"wp:featuredmedia":[{"embeddable":true,"href":"https:\/\/i-vision.ca\/fr\/wp-json\/wp\/v2\/media\/5042"}],"wp:attachment":[{"href":"https:\/\/i-vision.ca\/fr\/wp-json\/wp\/v2\/media?parent=5041"}],"wp:term":[{"taxonomy":"product_brand","embeddable":true,"href":"https:\/\/i-vision.ca\/fr\/wp-json\/wp\/v2\/product_brand?post=5041"},{"taxonomy":"product_cat","embeddable":true,"href":"https:\/\/i-vision.ca\/fr\/wp-json\/wp\/v2\/product_cat?post=5041"},{"taxonomy":"product_tag","embeddable":true,"href":"https:\/\/i-vision.ca\/fr\/wp-json\/wp\/v2\/product_tag?post=5041"}],"curies":[{"name":"wp","href":"https:\/\/api.w.org\/{rel}","templated":true}]}}