{"id":4645,"date":"2024-06-05T18:25:28","date_gmt":"2024-06-05T18:25:28","guid":{"rendered":"http:\/\/i-vision.ca\/?post_type=product&#038;p=4645"},"modified":"2024-06-05T18:38:53","modified_gmt":"2024-06-05T18:38:53","slug":"nvr502-b-p-series","status":"publish","type":"product","link":"https:\/\/i-vision.ca\/fr\/shop\/network-video-recorders\/nvr502-b-p-series\/","title":{"rendered":"S\u00e9rie NVR502-B-P"},"content":{"rendered":"<ul>\n<li>Prise en charge des formats vid\u00e9o Ultra 265\/H.265\/H.264<\/li>\n<li>Entr\u00e9e 8\/16\/32 canaux<\/li>\n<li>Plug &amp; Play avec 8\/16 interfaces r\u00e9seau PoE ind\u00e9pendantes<\/li>\n<li>Prise en charge des cam\u00e9ras grand public conformes aux normes ONVIF (profil S, profil G, profil T) et aux protocoles RTSP<\/li>\n<li>Prise en charge de 1 canal HDMI, 1 canal VGA. R\u00e9solution HDMI jusqu'\u00e0 4K (3840\u00d72160)<\/li>\n<li>Sortie ind\u00e9pendante VGA et HDMI<\/li>\n<li>Enregistrement d'une r\u00e9solution allant jusqu'\u00e0 16 m\u00e9gapixels<\/li>\n<li>Technologie ANR pour am\u00e9liorer la fiabilit\u00e9 du stockage lorsque le r\u00e9seau est d\u00e9connect\u00e9<\/li>\n<li>Prise en charge de la mise \u00e0 niveau du nuage<\/li>\n<\/ul>","protected":false},"excerpt":{"rendered":"<p>Support Ultra 265\/H.265\/H.264 video formats 8\/16\/32-channel input Plug &amp; Play with 8\/16 independent PoE network interfaces Support mainstream cameras of ONVIF conformance(Profile S, Profile G, Profile T ) and RTSP protocols Support 1-ch HDMI, 1-ch VGA. HDMI up to 4K (3840&#215;2160) resolution VGA and HDMI independent output Up to 16 Megapixels resolution recording ANR technology [&hellip;]<\/p>\n","protected":false},"featured_media":4646,"template":"","meta":{"_acf_changed":false,"site-sidebar-layout":"default","site-content-layout":"","ast-site-content-layout":"default","site-content-style":"default","site-sidebar-style":"default","ast-global-header-display":"","ast-banner-title-visibility":"","ast-main-header-display":"","ast-hfb-above-header-display":"","ast-hfb-below-header-display":"","ast-hfb-mobile-header-display":"","site-post-title":"","ast-breadcrumbs-content":"","ast-featured-img":"","footer-sml-layout":"","ast-disable-related-posts":"","theme-transparent-header-meta":"default","adv-header-id-meta":"","stick-header-meta":"","header-above-stick-meta":"","header-main-stick-meta":"","header-below-stick-meta":"","astra-migrate-meta-layouts":"set","ast-page-background-enabled":"default","ast-page-background-meta":{"desktop":{"background-color":"","background-image":"","background-repeat":"repeat","background-position":"center center","background-size":"auto","background-attachment":"scroll","background-type":"","background-media":"","overlay-type":"","overlay-color":"","overlay-opacity":"","overlay-gradient":""},"tablet":{"background-color":"","background-image":"","background-repeat":"repeat","background-position":"center center","background-size":"auto","background-attachment":"scroll","background-type":"","background-media":"","overlay-type":"","overlay-color":"","overlay-opacity":"","overlay-gradient":""},"mobile":{"background-color":"","background-image":"","background-repeat":"repeat","background-position":"center center","background-size":"auto","background-attachment":"scroll","background-type":"","background-media":"","overlay-type":"","overlay-color":"","overlay-opacity":"","overlay-gradient":""}},"ast-content-background-meta":{"desktop":{"background-color":"var(--ast-global-color-5)","background-image":"","background-repeat":"repeat","background-position":"center center","background-size":"auto","background-attachment":"scroll","background-type":"","background-media":"","overlay-type":"","overlay-color":"","overlay-opacity":"","overlay-gradient":""},"tablet":{"background-color":"var(--ast-global-color-5)","background-image":"","background-repeat":"repeat","background-position":"center center","background-size":"auto","background-attachment":"scroll","background-type":"","background-media":"","overlay-type":"","overlay-color":"","overlay-opacity":"","overlay-gradient":""},"mobile":{"background-color":"var(--ast-global-color-5)","background-image":"","background-repeat":"repeat","background-position":"center center","background-size":"auto","background-attachment":"scroll","background-type":"","background-media":"","overlay-type":"","overlay-color":"","overlay-opacity":"","overlay-gradient":""}}},"product_brand":[],"product_cat":[76],"product_tag":[],"class_list":{"0":"post-4645","1":"product","2":"type-product","3":"status-publish","4":"has-post-thumbnail","6":"product_cat-network-video-recorders","7":"desktop-align-left","8":"tablet-align-left","9":"mobile-align-left","11":"first","12":"instock","13":"shipping-taxable","14":"product-type-simple"},"acf":[],"yoast_head":"<!-- This site is optimized with the Yoast SEO plugin v27.4 - https:\/\/yoast.com\/product\/yoast-seo-wordpress\/ -->\n<title>NVR502-B-P Series<\/title>\n<meta name=\"description\" content=\"I-VISION is a leading global manufacturer of professional video surveillance devices and solutions. Smart security starts here.\" \/>\n<meta name=\"robots\" content=\"index, follow, max-snippet:-1, max-image-preview:large, max-video-preview:-1\" \/>\n<link rel=\"canonical\" href=\"https:\/\/i-vision.ca\/fr\/shop\/network-video-recorders\/nvr502-b-p-series\/\" \/>\n<meta property=\"og:locale\" content=\"fr_CA\" \/>\n<meta property=\"og:type\" content=\"article\" \/>\n<meta property=\"og:title\" content=\"NVR502-B-P Series\" \/>\n<meta property=\"og:description\" content=\"I-VISION is a leading global manufacturer of professional video surveillance devices and solutions. Smart security starts here.\" \/>\n<meta property=\"og:url\" content=\"https:\/\/i-vision.ca\/fr\/shop\/network-video-recorders\/nvr502-b-p-series\/\" \/>\n<meta property=\"og:site_name\" content=\"I-VISION\" \/>\n<meta property=\"article:modified_time\" content=\"2024-06-05T18:38:53+00:00\" \/>\n<meta property=\"og:image\" content=\"https:\/\/i-vision.ca\/wp-content\/uploads\/2024\/06\/NVR502-B-P-Series.webp\" \/>\n\t<meta property=\"og:image:width\" content=\"510\" \/>\n\t<meta property=\"og:image:height\" content=\"348\" \/>\n\t<meta property=\"og:image:type\" content=\"image\/webp\" \/>\n<meta name=\"twitter:card\" content=\"summary_large_image\" \/>\n<script type=\"application\/ld+json\" class=\"yoast-schema-graph\">{\"@context\":\"https:\\\/\\\/schema.org\",\"@graph\":[{\"@type\":\"WebPage\",\"@id\":\"https:\\\/\\\/i-vision.ca\\\/shop\\\/network-video-recorders\\\/nvr502-b-p-series\\\/\",\"url\":\"https:\\\/\\\/i-vision.ca\\\/shop\\\/network-video-recorders\\\/nvr502-b-p-series\\\/\",\"name\":\"NVR502-B-P Series\",\"isPartOf\":{\"@id\":\"https:\\\/\\\/i-vision.ca\\\/#website\"},\"primaryImageOfPage\":{\"@id\":\"https:\\\/\\\/i-vision.ca\\\/shop\\\/network-video-recorders\\\/nvr502-b-p-series\\\/#primaryimage\"},\"image\":{\"@id\":\"https:\\\/\\\/i-vision.ca\\\/shop\\\/network-video-recorders\\\/nvr502-b-p-series\\\/#primaryimage\"},\"thumbnailUrl\":\"https:\\\/\\\/i-vision.ca\\\/wp-content\\\/uploads\\\/2024\\\/06\\\/NVR502-B-P-Series.webp\",\"datePublished\":\"2024-06-05T18:25:28+00:00\",\"dateModified\":\"2024-06-05T18:38:53+00:00\",\"description\":\"I-VISION is a leading global manufacturer of professional video surveillance devices and solutions. Smart security starts here.\",\"breadcrumb\":{\"@id\":\"https:\\\/\\\/i-vision.ca\\\/shop\\\/network-video-recorders\\\/nvr502-b-p-series\\\/#breadcrumb\"},\"inLanguage\":\"fr-CA\",\"potentialAction\":[{\"@type\":\"ReadAction\",\"target\":[\"https:\\\/\\\/i-vision.ca\\\/shop\\\/network-video-recorders\\\/nvr502-b-p-series\\\/\"]}]},{\"@type\":\"ImageObject\",\"inLanguage\":\"fr-CA\",\"@id\":\"https:\\\/\\\/i-vision.ca\\\/shop\\\/network-video-recorders\\\/nvr502-b-p-series\\\/#primaryimage\",\"url\":\"https:\\\/\\\/i-vision.ca\\\/wp-content\\\/uploads\\\/2024\\\/06\\\/NVR502-B-P-Series.webp\",\"contentUrl\":\"https:\\\/\\\/i-vision.ca\\\/wp-content\\\/uploads\\\/2024\\\/06\\\/NVR502-B-P-Series.webp\",\"width\":510,\"height\":348},{\"@type\":\"BreadcrumbList\",\"@id\":\"https:\\\/\\\/i-vision.ca\\\/shop\\\/network-video-recorders\\\/nvr502-b-p-series\\\/#breadcrumb\",\"itemListElement\":[{\"@type\":\"ListItem\",\"position\":1,\"name\":\"Home\",\"item\":\"https:\\\/\\\/i-vision.ca\\\/\"},{\"@type\":\"ListItem\",\"position\":2,\"name\":\"Products\",\"item\":\"https:\\\/\\\/i-vision.ca\\\/shop\\\/\"},{\"@type\":\"ListItem\",\"position\":3,\"name\":\"NVR502-B-P Series\"}]},{\"@type\":\"WebSite\",\"@id\":\"https:\\\/\\\/i-vision.ca\\\/#website\",\"url\":\"https:\\\/\\\/i-vision.ca\\\/\",\"name\":\"I-VISION\",\"description\":\"Security Cameras\",\"publisher\":{\"@id\":\"https:\\\/\\\/i-vision.ca\\\/#organization\"},\"potentialAction\":[{\"@type\":\"SearchAction\",\"target\":{\"@type\":\"EntryPoint\",\"urlTemplate\":\"https:\\\/\\\/i-vision.ca\\\/?s={search_term_string}\"},\"query-input\":{\"@type\":\"PropertyValueSpecification\",\"valueRequired\":true,\"valueName\":\"search_term_string\"}}],\"inLanguage\":\"fr-CA\"},{\"@type\":\"Organization\",\"@id\":\"https:\\\/\\\/i-vision.ca\\\/#organization\",\"name\":\"I-VISION\",\"url\":\"https:\\\/\\\/i-vision.ca\\\/\",\"logo\":{\"@type\":\"ImageObject\",\"inLanguage\":\"fr-CA\",\"@id\":\"https:\\\/\\\/i-vision.ca\\\/#\\\/schema\\\/logo\\\/image\\\/\",\"url\":\"https:\\\/\\\/i-vision.ca\\\/wp-content\\\/uploads\\\/2024\\\/05\\\/I-VISION-Logo-R.webp\",\"contentUrl\":\"https:\\\/\\\/i-vision.ca\\\/wp-content\\\/uploads\\\/2024\\\/05\\\/I-VISION-Logo-R.webp\",\"width\":1577,\"height\":332,\"caption\":\"I-VISION\"},\"image\":{\"@id\":\"https:\\\/\\\/i-vision.ca\\\/#\\\/schema\\\/logo\\\/image\\\/\"}}]}<\/script>\n<!-- \/ Yoast SEO plugin. -->","yoast_head_json":{"title":"S\u00e9rie NVR502-B-P","description":"I-VISION est l'un des principaux fabricants mondiaux d'appareils et de solutions de vid\u00e9osurveillance professionnelle.","robots":{"index":"index","follow":"follow","max-snippet":"max-snippet:-1","max-image-preview":"max-image-preview:large","max-video-preview":"max-video-preview:-1"},"canonical":"https:\/\/i-vision.ca\/fr\/shop\/network-video-recorders\/nvr502-b-p-series\/","og_locale":"fr_CA","og_type":"article","og_title":"NVR502-B-P Series","og_description":"I-VISION is a leading global manufacturer of professional video surveillance devices and solutions. Smart security starts here.","og_url":"https:\/\/i-vision.ca\/fr\/shop\/network-video-recorders\/nvr502-b-p-series\/","og_site_name":"I-VISION","article_modified_time":"2024-06-05T18:38:53+00:00","og_image":[{"width":510,"height":348,"url":"https:\/\/i-vision.ca\/wp-content\/uploads\/2024\/06\/NVR502-B-P-Series.webp","type":"image\/webp"}],"twitter_card":"summary_large_image","schema":{"@context":"https:\/\/schema.org","@graph":[{"@type":"WebPage","@id":"https:\/\/i-vision.ca\/shop\/network-video-recorders\/nvr502-b-p-series\/","url":"https:\/\/i-vision.ca\/shop\/network-video-recorders\/nvr502-b-p-series\/","name":"S\u00e9rie NVR502-B-P","isPartOf":{"@id":"https:\/\/i-vision.ca\/#website"},"primaryImageOfPage":{"@id":"https:\/\/i-vision.ca\/shop\/network-video-recorders\/nvr502-b-p-series\/#primaryimage"},"image":{"@id":"https:\/\/i-vision.ca\/shop\/network-video-recorders\/nvr502-b-p-series\/#primaryimage"},"thumbnailUrl":"https:\/\/i-vision.ca\/wp-content\/uploads\/2024\/06\/NVR502-B-P-Series.webp","datePublished":"2024-06-05T18:25:28+00:00","dateModified":"2024-06-05T18:38:53+00:00","description":"I-VISION est l'un des principaux fabricants mondiaux d'appareils et de solutions de vid\u00e9osurveillance professionnelle.","breadcrumb":{"@id":"https:\/\/i-vision.ca\/shop\/network-video-recorders\/nvr502-b-p-series\/#breadcrumb"},"inLanguage":"fr-CA","potentialAction":[{"@type":"ReadAction","target":["https:\/\/i-vision.ca\/shop\/network-video-recorders\/nvr502-b-p-series\/"]}]},{"@type":"ImageObject","inLanguage":"fr-CA","@id":"https:\/\/i-vision.ca\/shop\/network-video-recorders\/nvr502-b-p-series\/#primaryimage","url":"https:\/\/i-vision.ca\/wp-content\/uploads\/2024\/06\/NVR502-B-P-Series.webp","contentUrl":"https:\/\/i-vision.ca\/wp-content\/uploads\/2024\/06\/NVR502-B-P-Series.webp","width":510,"height":348},{"@type":"BreadcrumbList","@id":"https:\/\/i-vision.ca\/shop\/network-video-recorders\/nvr502-b-p-series\/#breadcrumb","itemListElement":[{"@type":"ListItem","position":1,"name":"Home","item":"https:\/\/i-vision.ca\/"},{"@type":"ListItem","position":2,"name":"Products","item":"https:\/\/i-vision.ca\/shop\/"},{"@type":"ListItem","position":3,"name":"NVR502-B-P Series"}]},{"@type":"WebSite","@id":"https:\/\/i-vision.ca\/#website","url":"https:\/\/i-vision.ca\/","name":"I-VISION","description":"Cam\u00e9ras de s\u00e9curit\u00e9","publisher":{"@id":"https:\/\/i-vision.ca\/#organization"},"potentialAction":[{"@type":"SearchAction","target":{"@type":"EntryPoint","urlTemplate":"https:\/\/i-vision.ca\/?s={search_term_string}"},"query-input":{"@type":"PropertyValueSpecification","valueRequired":true,"valueName":"search_term_string"}}],"inLanguage":"fr-CA"},{"@type":"Organization","@id":"https:\/\/i-vision.ca\/#organization","name":"I-VISION","url":"https:\/\/i-vision.ca\/","logo":{"@type":"ImageObject","inLanguage":"fr-CA","@id":"https:\/\/i-vision.ca\/#\/schema\/logo\/image\/","url":"https:\/\/i-vision.ca\/wp-content\/uploads\/2024\/05\/I-VISION-Logo-R.webp","contentUrl":"https:\/\/i-vision.ca\/wp-content\/uploads\/2024\/05\/I-VISION-Logo-R.webp","width":1577,"height":332,"caption":"I-VISION"},"image":{"@id":"https:\/\/i-vision.ca\/#\/schema\/logo\/image\/"}}]}},"_links":{"self":[{"href":"https:\/\/i-vision.ca\/fr\/wp-json\/wp\/v2\/product\/4645","targetHints":{"allow":["GET"]}}],"collection":[{"href":"https:\/\/i-vision.ca\/fr\/wp-json\/wp\/v2\/product"}],"about":[{"href":"https:\/\/i-vision.ca\/fr\/wp-json\/wp\/v2\/types\/product"}],"wp:featuredmedia":[{"embeddable":true,"href":"https:\/\/i-vision.ca\/fr\/wp-json\/wp\/v2\/media\/4646"}],"wp:attachment":[{"href":"https:\/\/i-vision.ca\/fr\/wp-json\/wp\/v2\/media?parent=4645"}],"wp:term":[{"taxonomy":"product_brand","embeddable":true,"href":"https:\/\/i-vision.ca\/fr\/wp-json\/wp\/v2\/product_brand?post=4645"},{"taxonomy":"product_cat","embeddable":true,"href":"https:\/\/i-vision.ca\/fr\/wp-json\/wp\/v2\/product_cat?post=4645"},{"taxonomy":"product_tag","embeddable":true,"href":"https:\/\/i-vision.ca\/fr\/wp-json\/wp\/v2\/product_tag?post=4645"}],"curies":[{"name":"wp","href":"https:\/\/api.w.org\/{rel}","templated":true}]}}